{"id":29,"date":"2019-12-14T15:45:57","date_gmt":"2019-12-14T15:45:57","guid":{"rendered":"http:\/\/vamadiva.com\/?page_id=29"},"modified":"2022-05-10T22:14:00","modified_gmt":"2022-05-10T22:14:00","slug":"pocetna","status":"publish","type":"page","link":"http:\/\/vamadiva.com\/","title":{"rendered":"Po\u010detna"},"content":{"rendered":"\t\t<div data-elementor-type=\"wp-page\" data-elementor-id=\"29\" class=\"elementor elementor-29\">\n\t\t\t\t\t\t<div class=\"elementor-inner\">\n\t\t\t\t<div class=\"elementor-section-wrap\">\n\t\t\t\t\t\t\t\t\t<section class=\"elementor-section elementor-top-section elementor-element elementor-element-7cf7332 elementor-section-boxed elementor-section-height-default elementor-section-height-default\" data-id=\"7cf7332\" data-element_type=\"section\">\n\t\t\t\t\t\t<div class=\"elementor-container elementor-column-gap-default\">\n\t\t\t\t\t\t\t<div class=\"elementor-row\">\n\t\t\t\t\t<div class=\"elementor-column elementor-col-100 elementor-top-column elementor-element elementor-element-c9d171a\" data-id=\"c9d171a\" data-element_type=\"column\">\n\t\t\t<div class=\"elementor-column-wrap elementor-element-populated\">\n\t\t\t\t\t\t\t<div class=\"elementor-widget-wrap\">\n\t\t\t\t\t\t<section class=\"elementor-section elementor-inner-section elementor-element elementor-element-953e431 elementor-section-boxed elementor-section-height-default elementor-section-height-default\" data-id=\"953e431\" data-element_type=\"section\">\n\t\t\t\t\t\t<div class=\"elementor-container elementor-column-gap-default\">\n\t\t\t\t\t\t\t<div class=\"elementor-row\">\n\t\t\t\t\t<div class=\"elementor-column elementor-col-50 elementor-inner-column elementor-element elementor-element-2510b61\" data-id=\"2510b61\" data-element_type=\"column\">\n\t\t\t<div class=\"elementor-column-wrap elementor-element-populated\">\n\t\t\t\t\t\t\t<div class=\"elementor-widget-wrap\">\n\t\t\t\t\t\t<div class=\"elementor-element elementor-element-edeb76e elementor-widget elementor-widget-text-editor\" data-id=\"edeb76e\" data-element_type=\"widget\" data-widget_type=\"text-editor.default\">\n\t\t\t\t<div class=\"elementor-widget-container\">\n\t\t\t\t\t\t\t\t<div class=\"elementor-text-editor elementor-clearfix\">\n\t\t\t\t<p>Preduze\u0107e &#8220;Vamadiva&#8221; iz Ni\u0161a osnovano je 1993. godine i u vlasni\u0161tvu je porodice Radonji\u0107. Sve ove godine uspe\u0161no se bavi veleprodajom, uvozom i izvozom razli\u010ditih vrsta roba, a najve\u0107i deo \u010dine proizvodi od papira. Godine 1998. useljavamo se u sopstveni poslovni prostor, a posedujemo i vozni park,\u00a0<br \/>kojim snabdevamo kupce. Vremenom dolazimo na ideju o sopstvenoj proizvodnji. Tako smo 2003. godine osnovali radnju za proizvodnju predmeta od papira &#8220;Hartina&#8221;, koja se bavi proizvodnjom kartonskih tanjiri\u0107a, razli\u010ditih dimenzija, kao i papirnih kesa od natrona i drugih vrsta papira. Iz godine u godinu nastojimo da pobolj\u0161amo poslovanje i pro\u0161irimo asortiman proizvoda, kako u domenu proizvodnje, tako i u trgovini.\u00a0<\/p>\t\t\t\t\t<\/div>\n\t\t\t\t\t\t<\/div>\n\t\t\t\t<\/div>\n\t\t\t\t\t\t<\/div>\n\t\t\t\t\t<\/div>\n\t\t<\/div>\n\t\t\t\t<div class=\"elementor-column elementor-col-50 elementor-inner-column elementor-element elementor-element-bb13375\" data-id=\"bb13375\" data-element_type=\"column\">\n\t\t\t<div class=\"elementor-column-wrap elementor-element-populated\">\n\t\t\t\t\t\t\t<div class=\"elementor-widget-wrap\">\n\t\t\t\t\t\t<div class=\"elementor-element elementor-element-be18355 elementor-widget elementor-widget-image\" data-id=\"be18355\" data-element_type=\"widget\" data-widget_type=\"image.default\">\n\t\t\t\t<div class=\"elementor-widget-container\">\n\t\t\t\t\t\t\t\t<div class=\"elementor-image\">\n\t\t\t\t\t\t\t\t\t\t\t\t<img width=\"852\" height=\"480\" src=\"http:\/\/vamadiva.com\/wp-content\/uploads\/2020\/08\/1.jpg\" class=\"attachment-large size-large\" alt=\"\" loading=\"lazy\" srcset=\"http:\/\/vamadiva.com\/wp-content\/uploads\/2020\/08\/1.jpg 852w, http:\/\/vamadiva.com\/wp-content\/uploads\/2020\/08\/1-300x169.jpg 300w, http:\/\/vamadiva.com\/wp-content\/uploads\/2020\/08\/1-768x433.jpg 768w\" sizes=\"(max-width: 852px) 100vw, 852px\" \/>\t\t\t\t\t\t\t\t\t\t\t\t\t\t<\/div>\n\t\t\t\t\t\t<\/div>\n\t\t\t\t<\/div>\n\t\t\t\t\t\t<\/div>\n\t\t\t\t\t<\/div>\n\t\t<\/div>\n\t\t\t\t\t\t\t\t<\/div>\n\t\t\t\t\t<\/div>\n\t\t<\/section>\n\t\t\t\t\t\t<\/div>\n\t\t\t\t\t<\/div>\n\t\t<\/div>\n\t\t\t\t\t\t\t\t<\/div>\n\t\t\t\t\t<\/div>\n\t\t<\/section>\n\t\t\t\t<section class=\"elementor-section elementor-top-section elementor-element elementor-element-fd0ede0 elementor-section-boxed elementor-section-height-default elementor-section-height-default\" data-id=\"fd0ede0\" data-element_type=\"section\">\n\t\t\t\t\t\t<div class=\"elementor-container elementor-column-gap-default\">\n\t\t\t\t\t\t\t<div class=\"elementor-row\">\n\t\t\t\t\t<div class=\"elementor-column elementor-col-50 elementor-top-column elementor-element elementor-element-a72b2cb\" data-id=\"a72b2cb\" data-element_type=\"column\">\n\t\t\t<div class=\"elementor-column-wrap elementor-element-populated\">\n\t\t\t\t\t\t\t<div class=\"elementor-widget-wrap\">\n\t\t\t\t\t\t<div class=\"elementor-element elementor-element-690e35c elementor-invisible elementor-widget elementor-widget-heading\" data-id=\"690e35c\" data-element_type=\"widget\" data-settings=\"{&quot;_animation&quot;:&quot;fadeInDown&quot;}\" data-widget_type=\"heading.default\">\n\t\t\t\t<div class=\"elementor-widget-container\">\n\t\t\t<h2 class=\"elementor-heading-title elementor-size-default\">Proizvodi<\/h2>\t\t<\/div>\n\t\t\t\t<\/div>\n\t\t\t\t<div class=\"elementor-element elementor-element-5a6ff44 elementor-widget elementor-widget-text-editor\" data-id=\"5a6ff44\" data-element_type=\"widget\" data-widget_type=\"text-editor.default\">\n\t\t\t\t<div class=\"elementor-widget-container\">\n\t\t\t\t\t\t\t\t<div class=\"elementor-text-editor elementor-clearfix\">\n\t\t\t\t<p>Vamadiva nudi razli\u010dite papirnate proizvode poput bakalskih, fi\u0161ek kesa, tanjiri\u0107a, podmeta\u010da&#8230; Kese je mogu\u010de izraditi po zahtevu kupaca u pogledu vrste papira, dimenzija, \u0161tampe. Svi proizvodi su izra\u0111eni od hemijski ispravnog papira, potpuno bezbednog za upotrebu u prehrambenoj industriji.<\/p>\t\t\t\t\t<\/div>\n\t\t\t\t\t\t<\/div>\n\t\t\t\t<\/div>\n\t\t\t\t<div class=\"elementor-element elementor-element-6dc16a5 elementor-invisible elementor-widget elementor-widget-text-editor\" data-id=\"6dc16a5\" data-element_type=\"widget\" data-settings=\"{&quot;_animation&quot;:&quot;fadeInDown&quot;}\" data-widget_type=\"text-editor.default\">\n\t\t\t\t<div class=\"elementor-widget-container\">\n\t\t\t\t\t\t\t\t<div class=\"elementor-text-editor elementor-clearfix\">\n\t\t\t\t\t\t\t\t\t<\/div>\n\t\t\t\t\t\t<\/div>\n\t\t\t\t<\/div>\n\t\t\t\t<div class=\"elementor-element elementor-element-9be558b elementor-align-center elementor-absolute elementor-widget elementor-widget-button\" data-id=\"9be558b\" data-element_type=\"widget\" data-settings=\"{&quot;_position&quot;:&quot;absolute&quot;}\" data-widget_type=\"button.default\">\n\t\t\t\t<div class=\"elementor-widget-container\">\n\t\t\t\t\t<div class=\"elementor-button-wrapper\">\n\t\t\t<a href=\"http:\/\/vamadiva.com\/index.php\/proizvodi-i-usluge\/\" class=\"elementor-button-link elementor-button elementor-size-sm\" role=\"button\">\n\t\t\t\t\t\t<span class=\"elementor-button-content-wrapper\">\n\t\t\t\t\t\t<span class=\"elementor-button-text\">Pogledaj sve proizvode<\/span>\n\t\t<\/span>\n\t\t\t\t\t<\/a>\n\t\t<\/div>\n\t\t\t\t<\/div>\n\t\t\t\t<\/div>\n\t\t\t\t\t\t<\/div>\n\t\t\t\t\t<\/div>\n\t\t<\/div>\n\t\t\t\t<div class=\"elementor-column elementor-col-50 elementor-top-column elementor-element elementor-element-291b36e\" data-id=\"291b36e\" data-element_type=\"column\">\n\t\t\t<div class=\"elementor-column-wrap elementor-element-populated\">\n\t\t\t\t\t\t\t<div class=\"elementor-widget-wrap\">\n\t\t\t\t\t\t<div class=\"elementor-element elementor-element-c904484 elementor-invisible elementor-widget elementor-widget-heading\" data-id=\"c904484\" data-element_type=\"widget\" data-settings=\"{&quot;_animation&quot;:&quot;fadeInDown&quot;}\" data-widget_type=\"heading.default\">\n\t\t\t\t<div class=\"elementor-widget-container\">\n\t\t\t<h2 class=\"elementor-heading-title elementor-size-default\">Usluge<\/h2>\t\t<\/div>\n\t\t\t\t<\/div>\n\t\t\t\t<div class=\"elementor-element elementor-element-343a4ff elementor-invisible elementor-widget elementor-widget-text-editor\" data-id=\"343a4ff\" data-element_type=\"widget\" data-settings=\"{&quot;_animation&quot;:&quot;fadeInDown&quot;}\" data-widget_type=\"text-editor.default\">\n\t\t\t\t<div class=\"elementor-widget-container\">\n\t\t\t\t\t\t\t\t<div class=\"elementor-text-editor elementor-clearfix\">\n\t\t\t\t<p>S otvaranjem spostvenog proizvodnog pogona, u ponudu smo uvrstili i usluge poput rezanja, taba\u010denja, konfekcionisanja i vakumiranja.<\/p>\t\t\t\t\t<\/div>\n\t\t\t\t\t\t<\/div>\n\t\t\t\t<\/div>\n\t\t\t\t<div class=\"elementor-element elementor-element-571a58e elementor-align-center elementor-absolute elementor-widget elementor-widget-button\" data-id=\"571a58e\" data-element_type=\"widget\" data-settings=\"{&quot;_position&quot;:&quot;absolute&quot;}\" data-widget_type=\"button.default\">\n\t\t\t\t<div class=\"elementor-widget-container\">\n\t\t\t\t\t<div class=\"elementor-button-wrapper\">\n\t\t\t<a href=\"http:\/\/vamadiva.com\/index.php\/usluge-2\/\" class=\"elementor-button-link elementor-button elementor-size-sm\" role=\"button\">\n\t\t\t\t\t\t<span class=\"elementor-button-content-wrapper\">\n\t\t\t\t\t\t<span class=\"elementor-button-text\">Pogledaj sve usluge<\/span>\n\t\t<\/span>\n\t\t\t\t\t<\/a>\n\t\t<\/div>\n\t\t\t\t<\/div>\n\t\t\t\t<\/div>\n\t\t\t\t\t\t<\/div>\n\t\t\t\t\t<\/div>\n\t\t<\/div>\n\t\t\t\t\t\t\t\t<\/div>\n\t\t\t\t\t<\/div>\n\t\t<\/section>\n\t\t\t\t\t\t\t\t\t<\/div>\n\t\t\t<\/div>\n\t\t\t\t\t<\/div>\n\t\t","protected":false},"excerpt":{"rendered":"<p>Preduze\u0107e &#8220;Vamadiva&#8221; iz Ni\u0161a osnovano je 1993. godine i u vlasni\u0161tvu je porodice Radonji\u0107. Sve ove godine uspe\u0161no se bavi veleprodajom, uvozom i izvozom razli\u010ditih vrsta roba, a najve\u0107i deo \u010dine proizvodi od papira. Godine 1998. useljavamo se u sopstveni poslovni prostor, a posedujemo i vozni park,\u00a0kojim snabdevamo kupce. Vremenom dolazimo na ideju o sopstvenoj &hellip;<\/p>\n<p class=\"read-more\"> <a class=\"\" href=\"http:\/\/vamadiva.com\/\"> <span class=\"screen-reader-text\">Po\u010detna<\/span> Read More &raquo;<\/a><\/p>\n","protected":false},"author":1,"featured_media":0,"parent":0,"menu_order":0,"comment_status":"closed","ping_status":"closed","template":"","meta":{"site-sidebar-layout":"no-sidebar","site-content-layout":"page-builder","ast-global-header-display":"","ast-main-header-display":"","ast-hfb-above-header-display":"","ast-hfb-below-header-display":"","ast-hfb-mobile-header-display":"","site-post-title":"disabled","ast-breadcrumbs-content":"","ast-featured-img":"disabled","footer-sml-layout":"","theme-transparent-header-meta":"default","adv-header-id-meta":"","stick-header-meta":"","header-above-stick-meta":"","header-main-stick-meta":"","header-below-stick-meta":""},"_links":{"self":[{"href":"http:\/\/vamadiva.com\/index.php\/wp-json\/wp\/v2\/pages\/29"}],"collection":[{"href":"http:\/\/vamadiva.com\/index.php\/wp-json\/wp\/v2\/pages"}],"about":[{"href":"http:\/\/vamadiva.com\/index.php\/wp-json\/wp\/v2\/types\/page"}],"author":[{"embeddable":true,"href":"http:\/\/vamadiva.com\/index.php\/wp-json\/wp\/v2\/users\/1"}],"replies":[{"embeddable":true,"href":"http:\/\/vamadiva.com\/index.php\/wp-json\/wp\/v2\/comments?post=29"}],"version-history":[{"count":36,"href":"http:\/\/vamadiva.com\/index.php\/wp-json\/wp\/v2\/pages\/29\/revisions"}],"predecessor-version":[{"id":183,"href":"http:\/\/vamadiva.com\/index.php\/wp-json\/wp\/v2\/pages\/29\/revisions\/183"}],"wp:attachment":[{"href":"http:\/\/vamadiva.com\/index.php\/wp-json\/wp\/v2\/media?parent=29"}],"curies":[{"name":"wp","href":"https:\/\/api.w.org\/{rel}","templated":true}]}}