{"id":36,"date":"2019-12-14T15:46:57","date_gmt":"2019-12-14T15:46:57","guid":{"rendered":"http:\/\/vamadiva.com\/?page_id=36"},"modified":"2020-01-30T22:14:39","modified_gmt":"2020-01-30T22:14:39","slug":"kontakt","status":"publish","type":"page","link":"http:\/\/vamadiva.com\/index.php\/kontakt\/","title":{"rendered":""},"content":{"rendered":"\t\t<div data-elementor-type=\"wp-page\" data-elementor-id=\"36\" class=\"elementor elementor-36\">\n\t\t\t\t\t\t<div class=\"elementor-inner\">\n\t\t\t\t<div class=\"elementor-section-wrap\">\n\t\t\t\t\t\t\t\t\t<section class=\"elementor-section elementor-top-section elementor-element elementor-element-cac61ba elementor-section-boxed elementor-section-height-default elementor-section-height-default\" data-id=\"cac61ba\" data-element_type=\"section\">\n\t\t\t\t\t\t<div class=\"elementor-container elementor-column-gap-default\">\n\t\t\t\t\t\t\t<div class=\"elementor-row\">\n\t\t\t\t\t<div class=\"elementor-column elementor-col-100 elementor-top-column elementor-element elementor-element-2e98f3e\" data-id=\"2e98f3e\" data-element_type=\"column\">\n\t\t\t<div class=\"elementor-column-wrap elementor-element-populated\">\n\t\t\t\t\t\t\t<div class=\"elementor-widget-wrap\">\n\t\t\t\t\t\t<div class=\"elementor-element elementor-element-ef64dce elementor-widget elementor-widget-text-editor\" data-id=\"ef64dce\" data-element_type=\"widget\" data-widget_type=\"text-editor.default\">\n\t\t\t\t<div class=\"elementor-widget-container\">\n\t\t\t\t\t\t\t\t<div class=\"elementor-text-editor elementor-clearfix\">\n\t\t\t\t<p>Email: info@vamadiva.com<br \/>Tel: (+381)18263503<br \/>\u00a0 \u00a0 \u00a0 \u00a0 (+381)184269284<br \/>\u00a0 \u00a0 \u00a0 \u00a0 (+381)637237227<\/p><p>Za sve informacije pozovite nas ili po\u0161aljite mail. Potrudi\u0107emo se da odgovorimo u najkra\u0107em mogu\u0107em roku.<\/p><p><b>Mati\u010dni broj:<\/b> 06573967<br \/><b style=\"font-style: inherit;\">Registarski broj:<\/b><span style=\"font-size: 16px;\"> 07306573967<br \/><\/span><b style=\"font-style: inherit;\">\u0160ifra delatnosti:<\/b><span style=\"font-size: 16px;\"> 4690<br \/><\/span><b style=\"font-style: inherit;\">PIB:<\/b><span style=\"font-size: 16px;\">\u00a0100334606<br \/><b>\u017diro ra\u010dun: <\/b>160 &#8211; 338193 &#8211; 20<\/span><\/p><p>Vamadiva D.O.O<br \/><span style=\"font-size: 16px;\">Donji Matejevac bb<br \/><\/span>18000 Ni\u0161<br \/>Srbija<\/p><p><span style=\"font-size: 16px;\">\u00a0<\/span><\/p>\t\t\t\t\t<\/div>\n\t\t\t\t\t\t<\/div>\n\t\t\t\t<\/div>\n\t\t\t\t\t\t<\/div>\n\t\t\t\t\t<\/div>\n\t\t<\/div>\n\t\t\t\t<div class=\"elementor-column elementor-col-100 elementor-top-column elementor-element elementor-element-122353a3\" data-id=\"122353a3\" data-element_type=\"column\">\n\t\t\t<div class=\"elementor-column-wrap\">\n\t\t\t\t\t\t\t<div class=\"elementor-widget-wrap\">\n\t\t\t\t\t\t\t\t<\/div>\n\t\t\t\t\t<\/div>\n\t\t<\/div>\n\t\t\t\t\t\t\t\t<\/div>\n\t\t\t\t\t<\/div>\n\t\t<\/section>\n\t\t\t\t<section class=\"elementor-section elementor-top-section elementor-element elementor-element-90192e7 elementor-section-boxed elementor-section-height-default elementor-section-height-default\" data-id=\"90192e7\" data-element_type=\"section\">\n\t\t\t\t\t\t<div class=\"elementor-container elementor-column-gap-default\">\n\t\t\t\t\t\t\t<div class=\"elementor-row\">\n\t\t\t\t\t<div class=\"elementor-column elementor-col-50 elementor-top-column elementor-element elementor-element-8b2eb25\" data-id=\"8b2eb25\" data-element_type=\"column\">\n\t\t\t<div class=\"elementor-column-wrap elementor-element-populated\">\n\t\t\t\t\t\t\t<div class=\"elementor-widget-wrap\">\n\t\t\t\t\t\t<div class=\"elementor-element elementor-element-141060f elementor-widget elementor-widget-text-editor\" data-id=\"141060f\" data-element_type=\"widget\" data-widget_type=\"text-editor.default\">\n\t\t\t\t<div class=\"elementor-widget-container\">\n\t\t\t\t\t\t\t\t<div class=\"elementor-text-editor elementor-clearfix\">\n\t\t\t\t\t\t\t\t\t<\/div>\n\t\t\t\t\t\t<\/div>\n\t\t\t\t<\/div>\n\t\t\t\t\t\t<\/div>\n\t\t\t\t\t<\/div>\n\t\t<\/div>\n\t\t\t\t<div class=\"elementor-column elementor-col-50 elementor-top-column elementor-element elementor-element-e0a575f\" data-id=\"e0a575f\" data-element_type=\"column\">\n\t\t\t<div class=\"elementor-column-wrap elementor-element-populated\">\n\t\t\t\t\t\t\t<div class=\"elementor-widget-wrap\">\n\t\t\t\t\t\t<div class=\"elementor-element elementor-element-063d504 elementor-widget elementor-widget-text-editor\" data-id=\"063d504\" data-element_type=\"widget\" data-widget_type=\"text-editor.default\">\n\t\t\t\t<div class=\"elementor-widget-container\">\n\t\t\t\t\t\t\t\t<div class=\"elementor-text-editor elementor-clearfix\">\n\t\t\t\t\t\t\t\t\t<\/div>\n\t\t\t\t\t\t<\/div>\n\t\t\t\t<\/div>\n\t\t\t\t\t\t<\/div>\n\t\t\t\t\t<\/div>\n\t\t<\/div>\n\t\t\t\t\t\t\t\t<\/div>\n\t\t\t\t\t<\/div>\n\t\t<\/section>\n\t\t\t\t<section class=\"elementor-section elementor-top-section elementor-element elementor-element-0ba9e31 elementor-section-boxed elementor-section-height-default elementor-section-height-default\" data-id=\"0ba9e31\" data-element_type=\"section\">\n\t\t\t\t\t\t<div class=\"elementor-container elementor-column-gap-default\">\n\t\t\t\t\t\t\t<div class=\"elementor-row\">\n\t\t\t\t\t\t\t\t\t<\/div>\n\t\t\t\t\t<\/div>\n\t\t<\/section>\n\t\t\t\t\t\t\t\t\t<\/div>\n\t\t\t<\/div>\n\t\t\t\t\t<\/div>\n\t\t","protected":false},"excerpt":{"rendered":"<p>Email: info@vamadiva.comTel: (+381)18263503\u00a0 \u00a0 \u00a0 \u00a0 (+381)184269284\u00a0 \u00a0 \u00a0 \u00a0 (+381)637237227 Za sve informacije pozovite nas ili po\u0161aljite mail. Potrudi\u0107emo se da odgovorimo u najkra\u0107em mogu\u0107em roku. Mati\u010dni broj: 06573967Registarski broj: 07306573967\u0160ifra delatnosti: 4690PIB:\u00a0100334606\u017diro ra\u010dun: 160 &#8211; 338193 &#8211; 20 Vamadiva D.O.ODonji Matejevac bb18000 Ni\u0161Srbija \u00a0<\/p>\n","protected":false},"author":1,"featured_media":0,"parent":0,"menu_order":0,"comment_status":"closed","ping_status":"closed","template":"","meta":{"site-sidebar-layout":"default","site-content-layout":"default","ast-global-header-display":"","ast-main-header-display":"","ast-hfb-above-header-display":"","ast-hfb-below-header-display":"","ast-hfb-mobile-header-display":"","site-post-title":"","ast-breadcrumbs-content":"","ast-featured-img":"","footer-sml-layout":"","theme-transparent-header-meta":"default","adv-header-id-meta":"","stick-header-meta":"","header-above-stick-meta":"","header-main-stick-meta":"","header-below-stick-meta":""},"_links":{"self":[{"href":"http:\/\/vamadiva.com\/index.php\/wp-json\/wp\/v2\/pages\/36"}],"collection":[{"href":"http:\/\/vamadiva.com\/index.php\/wp-json\/wp\/v2\/pages"}],"about":[{"href":"http:\/\/vamadiva.com\/index.php\/wp-json\/wp\/v2\/types\/page"}],"author":[{"embeddable":true,"href":"http:\/\/vamadiva.com\/index.php\/wp-json\/wp\/v2\/users\/1"}],"replies":[{"embeddable":true,"href":"http:\/\/vamadiva.com\/index.php\/wp-json\/wp\/v2\/comments?post=36"}],"version-history":[{"count":10,"href":"http:\/\/vamadiva.com\/index.php\/wp-json\/wp\/v2\/pages\/36\/revisions"}],"predecessor-version":[{"id":148,"href":"http:\/\/vamadiva.com\/index.php\/wp-json\/wp\/v2\/pages\/36\/revisions\/148"}],"wp:attachment":[{"href":"http:\/\/vamadiva.com\/index.php\/wp-json\/wp\/v2\/media?parent=36"}],"curies":[{"name":"wp","href":"https:\/\/api.w.org\/{rel}","templated":true}]}}